{"id":1105,"date":"2025-08-16T16:15:03","date_gmt":"2025-08-16T15:15:03","guid":{"rendered":"https:\/\/www.myfeel.shop\/?post_type=product&#038;p=1105"},"modified":"2025-11-21T14:10:00","modified_gmt":"2025-11-21T14:10:00","slug":"vibrador-conejo-de-silicona-liquida-10-frecuencias-y-rotacion-3d","status":"publish","type":"product","link":"https:\/\/myfeel.shop\/es\/product\/vibrador-conejo-de-silicona-liquida-10-frecuencias-y-rotacion-3d\/","title":{"rendered":"Vibrador \u201cconejo\u201d de silicona l\u00edquida \u2013 10 frecuencias y rotaci\u00f3n 3D"},"content":{"rendered":"<p>Dimensiones: longitud de 234 mm y di\u00e1metro de 34 mm; peso neto 321,2 g. Materiales: silicona l\u00edquida y ABS. Modos: 10 frecuencias de vibraci\u00f3n + 3 modos de rotaci\u00f3n. Fuente: bater\u00eda recargable USB, carga 2 h\/uso 2 h. Resistencia: IPX65. Ruido: &lt;50 dB. Accesorios: bolsa de regalo de lujo, cable, manual. Colores: melocot\u00f3n, morado, rosa. Beneficios: caricias suaves que despiertan tus sentidos. Instrucciones: carga 2 h, encendido 2 s, limpieza con agua tibia y jab\u00f3n. Detalles t\u00e9cnicos: 5 V; certificaciones CE, RoHS, MSDS, UN38.3.<\/p>\n","protected":false},"excerpt":{"rendered":"<p>Delicados latidos que recorren tu cuerpo\u2026 Un conejito vibrador que te invita a explorar cada rinc\u00f3n de ti misma.<\/p>\n","protected":false},"featured_media":1118,"comment_status":"open","ping_status":"closed","template":"","meta":[],"product_brand":[],"product_cat":[150],"product_tag":[128,122,130,129,127,125,126],"class_list":{"0":"post-1105","1":"product","2":"type-product","3":"status-publish","4":"has-post-thumbnail","6":"product_cat-vibradores-2","7":"product_tag-10-frecuencias","8":"product_tag-ipx65","9":"product_tag-juguete-femenino-recargable","10":"product_tag-masajeador-clitorial","11":"product_tag-silicona-liquida","12":"product_tag-vibrador-conejo","13":"product_tag-vibrador-rotativo","15":"first","16":"instock","17":"shipping-taxable","18":"purchasable","19":"product-type-simple"},"_links":{"self":[{"href":"https:\/\/myfeel.shop\/es\/wp-json\/wp\/v2\/product\/1105","targetHints":{"allow":["GET"]}}],"collection":[{"href":"https:\/\/myfeel.shop\/es\/wp-json\/wp\/v2\/product"}],"about":[{"href":"https:\/\/myfeel.shop\/es\/wp-json\/wp\/v2\/types\/product"}],"replies":[{"embeddable":true,"href":"https:\/\/myfeel.shop\/es\/wp-json\/wp\/v2\/comments?post=1105"}],"wp:featuredmedia":[{"embeddable":true,"href":"https:\/\/myfeel.shop\/es\/wp-json\/wp\/v2\/media\/1118"}],"wp:attachment":[{"href":"https:\/\/myfeel.shop\/es\/wp-json\/wp\/v2\/media?parent=1105"}],"wp:term":[{"taxonomy":"product_brand","embeddable":true,"href":"https:\/\/myfeel.shop\/es\/wp-json\/wp\/v2\/product_brand?post=1105"},{"taxonomy":"product_cat","embeddable":true,"href":"https:\/\/myfeel.shop\/es\/wp-json\/wp\/v2\/product_cat?post=1105"},{"taxonomy":"product_tag","embeddable":true,"href":"https:\/\/myfeel.shop\/es\/wp-json\/wp\/v2\/product_tag?post=1105"}],"curies":[{"name":"wp","href":"https:\/\/api.w.org\/{rel}","templated":true}]}}