{"id":1319,"date":"2025-11-19T00:34:55","date_gmt":"2025-11-19T00:34:55","guid":{"rendered":"https:\/\/www.myfeel.shop\/?post_type=product&#038;p=1319"},"modified":"2025-11-19T00:53:56","modified_gmt":"2025-11-19T00:53:56","slug":"vibrador-liquido-silicona-philip-10-modos","status":"publish","type":"product","link":"https:\/\/myfeel.shop\/es\/producto\/vibrador-liquido-silicona-philip-10-modos\/","title":{"rendered":"Vibrador de Silicona PUNTO G \u2013 10 Modos de Vibraci\u00f3n"},"content":{"rendered":"<p>Sum\u00e9rgete en una experiencia de placer sofisticado con el Vibrador \u201cPhilip\u201d de Silicona L\u00edquida &amp; ABS, dise\u00f1ado para estimular con precisi\u00f3n y elegancia. Fabricado con silicona l\u00edquida ultra suave y ABS de alta calidad, este dispositivo \u00edntimo combina seguridad, suavidad y tecnolog\u00eda avanzada, ideal para quienes buscan sensaciones intensas con total comodidad.<br \/>\nDisfruta de 10 modos de vibraci\u00f3n ajustables, carga USB recargable y un dise\u00f1o resistente al agua (IP65) que permite su uso en la ducha o el ba\u00f1o con confianza.<br \/>\nCon dimensiones de aproximadamente 230\u202fmm \u00d7\u202f38,7\u202fmm y peso neto 276\u202fg (peso bruto aproximado: 469\u202fg), el vibrador \u201cPhilip\u201d se entrega en una presentaci\u00f3n premium: caja de regalo elegante, bolsa de terciopelo o espuma, cable USB y manual de instrucciones.<br \/>\nCada producto en MyFeel Shop ha sido seleccionado con cuidado y exigencia, garantizando una experiencia confiable y envolvente desde el primer contacto. Apostamos por una compra segura, discreta y de alta calidad para ti.<img loading=\"lazy\" decoding=\"async\" class=\"alignnone size-medium wp-image-1304\" src=\"https:\/\/www.myfeel.shop\/wp-content\/uploads\/2025\/11\/8AEC6BEF-B8DC-498E-A30C-D8D5A12C90BF-500x375.jpeg\" alt=\"\" width=\"500\" height=\"375\" srcset=\"https:\/\/myfeel.shop\/wp-content\/uploads\/2025\/11\/8AEC6BEF-B8DC-498E-A30C-D8D5A12C90BF-500x375.jpeg 500w, https:\/\/myfeel.shop\/wp-content\/uploads\/2025\/11\/8AEC6BEF-B8DC-498E-A30C-D8D5A12C90BF-1200x900.jpeg 1200w, https:\/\/myfeel.shop\/wp-content\/uploads\/2025\/11\/8AEC6BEF-B8DC-498E-A30C-D8D5A12C90BF-300x225.jpeg 300w, https:\/\/myfeel.shop\/wp-content\/uploads\/2025\/11\/8AEC6BEF-B8DC-498E-A30C-D8D5A12C90BF-768x576.jpeg 768w, https:\/\/myfeel.shop\/wp-content\/uploads\/2025\/11\/8AEC6BEF-B8DC-498E-A30C-D8D5A12C90BF-100x75.jpeg 100w, https:\/\/myfeel.shop\/wp-content\/uploads\/2025\/11\/8AEC6BEF-B8DC-498E-A30C-D8D5A12C90BF-480x360.jpeg 480w, https:\/\/myfeel.shop\/wp-content\/uploads\/2025\/11\/8AEC6BEF-B8DC-498E-A30C-D8D5A12C90BF-800x600.jpeg 800w, https:\/\/myfeel.shop\/wp-content\/uploads\/2025\/11\/8AEC6BEF-B8DC-498E-A30C-D8D5A12C90BF.jpeg 1536w\" sizes=\"auto, (max-width:767px) 480px, 500px\" \/><\/p>\n<div style=\"width: 480px;\" class=\"wp-video\"><video class=\"wp-video-shortcode\" id=\"video-1319-1\" width=\"480\" height=\"848\" preload=\"metadata\" controls=\"controls\"><source type=\"video\/mp4\" src=\"https:\/\/www.myfeel.shop\/wp-content\/uploads\/2025\/11\/VIBRADOR-VIDEO.mp4?_=1\" \/><a href=\"https:\/\/www.myfeel.shop\/wp-content\/uploads\/2025\/11\/VIBRADOR-VIDEO.mp4\">https:\/\/www.myfeel.shop\/wp-content\/uploads\/2025\/11\/VIBRADOR-VIDEO.mp4<\/a><\/video><\/div>\n<p><img loading=\"lazy\" decoding=\"async\" class=\"alignnone size-medium wp-image-1301\" src=\"https:\/\/www.myfeel.shop\/wp-content\/uploads\/2025\/11\/0D626732-BE06-46A2-B13F-F0524A95139B-500x500.jpeg\" alt=\"\" width=\"500\" height=\"500\" srcset=\"https:\/\/myfeel.shop\/wp-content\/uploads\/2025\/11\/0D626732-BE06-46A2-B13F-F0524A95139B-500x500.jpeg 500w, https:\/\/myfeel.shop\/wp-content\/uploads\/2025\/11\/0D626732-BE06-46A2-B13F-F0524A95139B-300x300.jpeg 300w, https:\/\/myfeel.shop\/wp-content\/uploads\/2025\/11\/0D626732-BE06-46A2-B13F-F0524A95139B-768x768.jpeg 768w, https:\/\/myfeel.shop\/wp-content\/uploads\/2025\/11\/0D626732-BE06-46A2-B13F-F0524A95139B-150x150.jpeg 150w, https:\/\/myfeel.shop\/wp-content\/uploads\/2025\/11\/0D626732-BE06-46A2-B13F-F0524A95139B-75x75.jpeg 75w, https:\/\/myfeel.shop\/wp-content\/uploads\/2025\/11\/0D626732-BE06-46A2-B13F-F0524A95139B-480x480.jpeg 480w, https:\/\/myfeel.shop\/wp-content\/uploads\/2025\/11\/0D626732-BE06-46A2-B13F-F0524A95139B-800x800.jpeg 800w, https:\/\/myfeel.shop\/wp-content\/uploads\/2025\/11\/0D626732-BE06-46A2-B13F-F0524A95139B.jpeg 1000w\" sizes=\"auto, (max-width:767px) 480px, 500px\" \/><img loading=\"lazy\" decoding=\"async\" class=\"alignnone size-medium wp-image-1298\" src=\"https:\/\/www.myfeel.shop\/wp-content\/uploads\/2025\/11\/E27D0186-CA4F-4C15-ABAE-712C49BF769E-500x500.jpeg\" alt=\"\" width=\"500\" height=\"500\" srcset=\"https:\/\/myfeel.shop\/wp-content\/uploads\/2025\/11\/E27D0186-CA4F-4C15-ABAE-712C49BF769E-500x500.jpeg 500w, https:\/\/myfeel.shop\/wp-content\/uploads\/2025\/11\/E27D0186-CA4F-4C15-ABAE-712C49BF769E-1200x1200.jpeg 1200w, https:\/\/myfeel.shop\/wp-content\/uploads\/2025\/11\/E27D0186-CA4F-4C15-ABAE-712C49BF769E-300x300.jpeg 300w, https:\/\/myfeel.shop\/wp-content\/uploads\/2025\/11\/E27D0186-CA4F-4C15-ABAE-712C49BF769E-768x768.jpeg 768w, https:\/\/myfeel.shop\/wp-content\/uploads\/2025\/11\/E27D0186-CA4F-4C15-ABAE-712C49BF769E-150x150.jpeg 150w, https:\/\/myfeel.shop\/wp-content\/uploads\/2025\/11\/E27D0186-CA4F-4C15-ABAE-712C49BF769E-75x75.jpeg 75w, https:\/\/myfeel.shop\/wp-content\/uploads\/2025\/11\/E27D0186-CA4F-4C15-ABAE-712C49BF769E-480x480.jpeg 480w, https:\/\/myfeel.shop\/wp-content\/uploads\/2025\/11\/E27D0186-CA4F-4C15-ABAE-712C49BF769E-800x800.jpeg 800w, https:\/\/myfeel.shop\/wp-content\/uploads\/2025\/11\/E27D0186-CA4F-4C15-ABAE-712C49BF769E.jpeg 1500w\" sizes=\"auto, (max-width:767px) 480px, 500px\" \/><img loading=\"lazy\" decoding=\"async\" class=\"alignnone size-medium wp-image-1307\" src=\"https:\/\/www.myfeel.shop\/wp-content\/uploads\/2025\/11\/273A0F8C-4546-43A9-A08E-EEED2AED41D9-500x500.jpeg\" alt=\"\" width=\"500\" height=\"500\" srcset=\"https:\/\/myfeel.shop\/wp-content\/uploads\/2025\/11\/273A0F8C-4546-43A9-A08E-EEED2AED41D9-500x500.jpeg 500w, https:\/\/myfeel.shop\/wp-content\/uploads\/2025\/11\/273A0F8C-4546-43A9-A08E-EEED2AED41D9-1200x1200.jpeg 1200w, https:\/\/myfeel.shop\/wp-content\/uploads\/2025\/11\/273A0F8C-4546-43A9-A08E-EEED2AED41D9-300x300.jpeg 300w, https:\/\/myfeel.shop\/wp-content\/uploads\/2025\/11\/273A0F8C-4546-43A9-A08E-EEED2AED41D9-768x768.jpeg 768w, https:\/\/myfeel.shop\/wp-content\/uploads\/2025\/11\/273A0F8C-4546-43A9-A08E-EEED2AED41D9-150x150.jpeg 150w, https:\/\/myfeel.shop\/wp-content\/uploads\/2025\/11\/273A0F8C-4546-43A9-A08E-EEED2AED41D9-75x75.jpeg 75w, https:\/\/myfeel.shop\/wp-content\/uploads\/2025\/11\/273A0F8C-4546-43A9-A08E-EEED2AED41D9-480x480.jpeg 480w, https:\/\/myfeel.shop\/wp-content\/uploads\/2025\/11\/273A0F8C-4546-43A9-A08E-EEED2AED41D9-800x800.jpeg 800w, https:\/\/myfeel.shop\/wp-content\/uploads\/2025\/11\/273A0F8C-4546-43A9-A08E-EEED2AED41D9.jpeg 1500w\" sizes=\"auto, (max-width:767px) 480px, 500px\" \/><\/p>\n","protected":false},"excerpt":{"rendered":"<p>Vibrador premium en silicona l\u00edquida con 10 modos de vibraci\u00f3n, carga USB y dise\u00f1o resistente al agua. Sensaciones intensas con elegancia<\/p>\n<p>&nbsp;<\/p>\n","protected":false},"featured_media":1304,"comment_status":"open","ping_status":"closed","template":"","meta":[],"product_brand":[],"product_cat":[78],"product_tag":[179,181,180,178,177,182,172],"class_list":{"0":"post-1319","1":"product","2":"type-product","3":"status-publish","4":"has-post-thumbnail","6":"product_cat-vibradores-es","7":"product_tag-10-modos","8":"product_tag-myfeel-shop","9":"product_tag-placer-elegante","10":"product_tag-recargable-usb","11":"product_tag-resistente-al-agua","12":"product_tag-silicona-liquida-es","13":"product_tag-vibrador","15":"first","16":"onbackorder","17":"featured","18":"shipping-taxable","19":"purchasable","20":"product-type-simple"},"_links":{"self":[{"href":"https:\/\/myfeel.shop\/es\/wp-json\/wp\/v2\/product\/1319","targetHints":{"allow":["GET"]}}],"collection":[{"href":"https:\/\/myfeel.shop\/es\/wp-json\/wp\/v2\/product"}],"about":[{"href":"https:\/\/myfeel.shop\/es\/wp-json\/wp\/v2\/types\/product"}],"replies":[{"embeddable":true,"href":"https:\/\/myfeel.shop\/es\/wp-json\/wp\/v2\/comments?post=1319"}],"wp:featuredmedia":[{"embeddable":true,"href":"https:\/\/myfeel.shop\/es\/wp-json\/wp\/v2\/media\/1304"}],"wp:attachment":[{"href":"https:\/\/myfeel.shop\/es\/wp-json\/wp\/v2\/media?parent=1319"}],"wp:term":[{"taxonomy":"product_brand","embeddable":true,"href":"https:\/\/myfeel.shop\/es\/wp-json\/wp\/v2\/product_brand?post=1319"},{"taxonomy":"product_cat","embeddable":true,"href":"https:\/\/myfeel.shop\/es\/wp-json\/wp\/v2\/product_cat?post=1319"},{"taxonomy":"product_tag","embeddable":true,"href":"https:\/\/myfeel.shop\/es\/wp-json\/wp\/v2\/product_tag?post=1319"}],"curies":[{"name":"wp","href":"https:\/\/api.w.org\/{rel}","templated":true}]}}