{"id":1195,"date":"2025-09-16T18:29:26","date_gmt":"2025-09-16T17:29:26","guid":{"rendered":"https:\/\/www.myfeel.shop\/?post_type=product&#038;p=1195"},"modified":"2025-09-16T21:38:08","modified_gmt":"2025-09-16T20:38:08","slug":"conjunto-sensual-com-correntes-metalicas-preto-3-pecas","status":"publish","type":"product","link":"https:\/\/myfeel.shop\/pt-pt\/produto\/conjunto-sensual-com-correntes-metalicas-preto-3-pecas\/","title":{"rendered":"Conjunto sensual com correntes met\u00e1licas preto 3 pe\u00e7as"},"content":{"rendered":"<p>O Conjunto sensual com correntes met\u00e1licas preto 3\u202fpe\u00e7as traz mist\u00e9rio e sofistica\u00e7\u00e3o \u00e0 sua lingerie. O suti\u00e3 push\u2011up em preto real\u00e7a o colo, enquanto a cinta\u2011liga com correntes e a tanga criam um visual marcante. As tiras e argolas met\u00e1licas ajust\u00e1veis permitem melhor adapta\u00e7\u00e3o ao corpo e os materiais em poli\u00e9ster e nylon com renda garantem conforto. Uma pe\u00e7a perfeita para surpreender e encantar. Na MyFeel Shop celebramos a sua sensualidade com eleg\u00e2ncia e estilo.<\/p>\n","protected":false},"excerpt":{"rendered":"<p>Conjunto preto de 3\u00a0pe\u00e7as com suti\u00e3 push\u2011up, cinta\u2011liga e tanga adornados com correntes.<\/p>\n","protected":false},"featured_media":1199,"comment_status":"open","ping_status":"closed","template":"","meta":[],"product_brand":[],"product_cat":[79],"product_tag":[155,157,171,170,156],"class_list":{"0":"post-1195","1":"product","2":"type-product","3":"status-publish","4":"has-post-thumbnail","6":"product_cat-lingerie-pt-pt","7":"product_tag-conjunto-3pecas","8":"product_tag-correntes","9":"product_tag-ligas","10":"product_tag-lingerie-preta","11":"product_tag-push-up","13":"first","14":"instock","15":"shipping-taxable","16":"purchasable","17":"product-type-variable"},"_links":{"self":[{"href":"https:\/\/myfeel.shop\/pt-pt\/wp-json\/wp\/v2\/product\/1195","targetHints":{"allow":["GET"]}}],"collection":[{"href":"https:\/\/myfeel.shop\/pt-pt\/wp-json\/wp\/v2\/product"}],"about":[{"href":"https:\/\/myfeel.shop\/pt-pt\/wp-json\/wp\/v2\/types\/product"}],"replies":[{"embeddable":true,"href":"https:\/\/myfeel.shop\/pt-pt\/wp-json\/wp\/v2\/comments?post=1195"}],"wp:featuredmedia":[{"embeddable":true,"href":"https:\/\/myfeel.shop\/pt-pt\/wp-json\/wp\/v2\/media\/1199"}],"wp:attachment":[{"href":"https:\/\/myfeel.shop\/pt-pt\/wp-json\/wp\/v2\/media?parent=1195"}],"wp:term":[{"taxonomy":"product_brand","embeddable":true,"href":"https:\/\/myfeel.shop\/pt-pt\/wp-json\/wp\/v2\/product_brand?post=1195"},{"taxonomy":"product_cat","embeddable":true,"href":"https:\/\/myfeel.shop\/pt-pt\/wp-json\/wp\/v2\/product_cat?post=1195"},{"taxonomy":"product_tag","embeddable":true,"href":"https:\/\/myfeel.shop\/pt-pt\/wp-json\/wp\/v2\/product_tag?post=1195"}],"curies":[{"name":"wp","href":"https:\/\/api.w.org\/{rel}","templated":true}]}}